{"id":9380,"date":"2024-11-26T14:47:19","date_gmt":"2024-11-26T14:47:19","guid":{"rendered":"https:\/\/cubeia.com\/software-de-jogos-on-line\/"},"modified":"2026-03-26T14:49:09","modified_gmt":"2026-03-26T14:49:09","slug":"software-de-jogos-on-line","status":"publish","type":"page","link":"https:\/\/cubeia.com\/br\/","title":{"rendered":"Software de jogos on-line"},"content":{"rendered":"<div class=\"c-blockStartpageHero\">\n  <div class=\"container\">\n    <div class=\"c-blockStartpageHero__textWrapper\">\n      <h1>\n        SOFTWARE DE IGAMING\n      <\/h1>\n\n\n      <p>Lideran\u00e7a no Setor. Desde 2007. <\/p>\n\n\n              <a class=\"c-blockStartpageHero__link cubeia-button\" target=\"\" href=\"https:\/\/cubeia.com\/contact\/\">\n          Contato\n        <\/a>\n          <\/div>\n  <\/div>\n\n  \n      <div class=\"c-blockStartpageHero__video\">\n      <video autoplay loop muted playsinline>\n        <source src=\"https:\/\/cubeia.com\/app\/uploads\/2025\/04\/cubeia_hero_web.mp4\" type=\"video\/mp4\">\n        <source src=\"https:\/\/cubeia.com\/app\/uploads\/2025\/04\/cubeia_hero_web.mp4\" type=\"video\/webm\">\n      <\/video>\n    <\/div>\n  <\/div>\n\n\n<div class=\"c-banner \">\n  <div class=\"container\">\n    <div class=\"row justify-content-center\">\n              <div class=\"col-12 col-md-4 col-lg-2 image-col\">\n          <div class=\"c-banner__image\">\n          <img loading=\"lazy\" decoding=\"async\" width=\"229\" height=\"75\" src=\"https:\/\/cubeia.com\/app\/uploads\/2025\/08\/banner_logo_02.png\" class=\"banner-img\" alt=\"\" \/>\n          <\/div>\n        <\/div>\n                    <div class=\"col-12 col-md-6\">\n          <div class=\"c-banner__text\">\n            <h4>Plataforma Premiada de iGaming<\/h4>\n<p><a href=\"https:\/\/cubeia.com\/news\/we-did-it-cubeia-crowned-best-crypto-casino-platform-at-sigma-americas\/\">Leia mais<\/a><\/p>\n\n          <\/div>\n        <\/div>\n          <\/div>\n  <\/div>\n<\/div>\n\n\n<div class=\"block-core-spacer container\"><div class=\"row justify-content-md-center\"><div class=\"col-12 col-md-8 col-xl-6\">\n<div style=\"height:40px\" aria-hidden=\"true\" class=\"wp-block-spacer\"><\/div>\n<\/div><\/div><\/div>\n\n<div class=\"block-core-spacer container\"><div class=\"row justify-content-md-center\"><div class=\"col-12 col-md-8 col-xl-6\">\n<div style=\"height:20px\" aria-hidden=\"true\" class=\"wp-block-spacer\"><\/div>\n<\/div><\/div><\/div>\n\n<div class=\"c-blockBgImageText fade-block\"\n  style=\"background-color: #1d1d1b; \">\n  <div class=\"container\">\n    <div class=\"row justify-content-md-center h-100\">\n      <div class=\"c-blockBgImageText__textWrapper col-12 col-md-8 col-xl-6\"\n        style=\"color: #ffffff\">\n        <h2 style=\"text-align: left;\"><span class=\"underline\">Nossos Produtos<\/span><\/h2>\n<p style=\"text-align: left;\">Na Cubeia, desenvolvemos jogos e sistemas para a ind\u00fastria de iGaming. Esse tem sido o nosso foco principal desde o in\u00edcio, em 2007.<br \/>\nO desenvolvimento de produtos e a tecnologia est\u00e3o em nosso DNA \u2014 e ver nossos produtos em opera\u00e7\u00e3o, sendo utilizados por jogadores, \u00e9 o que nos motiva todos os dias! <\/p>\n\n      <\/div>\n    <\/div>\n  <\/div>\n<\/div>\n\n\n<div\n  class=\"c-blockTextAndImage container-fluid paddingClass fade-block \"\n  style=\"background-color: #282828\">\n  <div class=\"row h-100\">\n    <div class=\"c-blockTextAndImage__textWrapper col-12 col-md-6 left\">\n      <div class=\"c-blockTextAndImage__textWrapper--text\">\n                  <h2 style=\"color: #ffffff\">\n            Lance Seu Cassino Mais R\u00e1pido\n          <\/h2>\n                \n        <div class=\"puff-size\" style=\"color: #ffffff\">\n          <p>Inicie seu neg\u00f3cio rapidamente mantendo o controle total dos seus dados com a nossa plataforma \u00e1gil Cubeia Nano.<\/p>\n<ul>\n<li>Experi\u00eancia do usu\u00e1rio otimizada para f\u00e1cil integra\u00e7\u00e3o e m\u00e1xima convers\u00e3o<\/li>\n<li>Compat\u00edvel com m\u00e9todos de pagamento instant\u00e2neos (banco direto\/cripto)<\/li>\n<li>Suporte a mais de 1200 moedas e tokens de criptografia<\/li>\n<li>Integra\u00e7\u00e3o dispon\u00edvel para p\u00f4quer, cassino e apostas esportivas<\/li>\n<li>Funciona na sua pr\u00f3pria conta em nuvem. Os dados s\u00e3o seus <\/li>\n<li>Licen\u00e7a de c\u00f3digo-fonte dispon\u00edvel<\/li>\n<\/ul>\n\n        <\/div>\n\n        <div class=\"link-area\">\n                      <a target=\"\" href=\"https:\/\/cubeia.com\/platform\/\"\n              style=\"color: #ffffff\">\n              Leia mais\n            <\/a>\n                                <a href=\"https:\/\/cubeia.com\/contact\/\" class=\"btn cubeia-button\">\n              Contato\n            <\/a>\n                  <\/div>\n      <\/div>\n    <\/div>\n                <div class=\"c-blockTextAndImage__image col-12 col-md-6 ddasdsa\"\n        style=\"background-color: #282828\">\n        <img loading=\"lazy\" decoding=\"async\" width=\"1022\" height=\"1024\" src=\"https:\/\/cubeia.com\/app\/uploads\/2024\/11\/iMac-Pro-Mockup3-1022x1024.png\" class=\"contain\" alt=\"\" srcset=\"https:\/\/cubeia.com\/app\/uploads\/2024\/11\/iMac-Pro-Mockup3-1022x1024.png 1022w, https:\/\/cubeia.com\/app\/uploads\/2024\/11\/iMac-Pro-Mockup3-300x300.png 300w, https:\/\/cubeia.com\/app\/uploads\/2024\/11\/iMac-Pro-Mockup3-150x150.png 150w, https:\/\/cubeia.com\/app\/uploads\/2024\/11\/iMac-Pro-Mockup3-768x769.png 768w, https:\/\/cubeia.com\/app\/uploads\/2024\/11\/iMac-Pro-Mockup3-1533x1536.png 1533w, https:\/\/cubeia.com\/app\/uploads\/2024\/11\/iMac-Pro-Mockup3-2044x2048.png 2044w\" sizes=\"auto, (max-width: 1022px) 100vw, 1022px\" \/>\n      <\/div>\n      <\/div>\n<\/div>\n\n\n<div\n  class=\"c-blockTextAndImage container-fluid paddingClass fade-block \"\n  style=\"background-color: #282828\">\n  <div class=\"row h-100\">\n    <div class=\"c-blockTextAndImage__textWrapper col-12 col-md-6 right\">\n      <div class=\"c-blockTextAndImage__textWrapper--text\">\n                  <h2 style=\"color: #ffffff\">\n            P\u00f4quer\n          <\/h2>\n                \n        <div class=\"puff-size\" style=\"color: #ffffff\">\n          <p>Sistema de p\u00f4quer l\u00edder do setor, com todos os recursos, criado para jogos com dinheiro real<\/p>\n<ul>\n<li>Solu\u00e7\u00e3o de alto desempenho, est\u00e1vel e de produ\u00e7\u00e3o comprovada<\/li>\n<li>F\u00e1cil de aplicar e modificar para combinar com sua marca<\/li>\n<li>O cliente HTML5 permite que seus jogadores joguem em praticamente qualquer dispositivo.<\/li>\n<li>Gamifica\u00e7\u00e3o por meio de conquistas, placares de l\u00edderes e muito mais<\/li>\n<li>Compartilhe as m\u00e3os por meio do reprodutor de m\u00e3os baseado em HTML<\/li>\n<\/ul>\n\n        <\/div>\n\n        <div class=\"link-area\">\n                      <a target=\"\" href=\"https:\/\/cubeia.com\/platform\/\"\n              style=\"color: #ffffff\">\n              Leia mais\n            <\/a>\n                            <\/div>\n      <\/div>\n    <\/div>\n                <div class=\"c-blockTextAndImage__image col-12 col-md-6 ddasdsa\"\n        style=\"background-color: #282828\">\n        <img loading=\"lazy\" decoding=\"async\" width=\"1024\" height=\"906\" src=\"https:\/\/cubeia.com\/app\/uploads\/2024\/11\/poker-mock1__1_-1024x906.png\" class=\"contain\" alt=\"\" srcset=\"https:\/\/cubeia.com\/app\/uploads\/2024\/11\/poker-mock1__1_-1024x906.png 1024w, https:\/\/cubeia.com\/app\/uploads\/2024\/11\/poker-mock1__1_-300x265.png 300w, https:\/\/cubeia.com\/app\/uploads\/2024\/11\/poker-mock1__1_-768x679.png 768w, https:\/\/cubeia.com\/app\/uploads\/2024\/11\/poker-mock1__1_-1536x1359.png 1536w, https:\/\/cubeia.com\/app\/uploads\/2024\/11\/poker-mock1__1_-2048x1812.png 2048w\" sizes=\"auto, (max-width: 1024px) 100vw, 1024px\" \/>\n      <\/div>\n      <\/div>\n<\/div>\n\n\n<div class=\"c-blockBgImageText fade-block\"\n  style=\"background-color: #1d1d1b; background-image: url(https:\/\/cubeia.com\/app\/uploads\/2024\/12\/Screenshot-2024-12-03-120628.png);\">\n  <div class=\"container\">\n    <div class=\"row justify-content-md-center h-100\">\n      <div class=\"c-blockBgImageText__textWrapper col-12 col-md-8 col-xl-6\"\n        style=\"color: #fff\">\n        <div class=\"text1\">\n<p><img loading=\"lazy\" decoding=\"async\" class=\"size-medium wp-image-202 aligncenter\" src=\"https:\/\/cubeia.com\/app\/uploads\/2024\/12\/Screenshot-2024-12-03-141056-298x300.png\" alt=\"\" width=\"298\" height=\"300\" srcset=\"https:\/\/cubeia.com\/app\/uploads\/2024\/12\/Screenshot-2024-12-03-141056-298x300.png 298w, https:\/\/cubeia.com\/app\/uploads\/2024\/12\/Screenshot-2024-12-03-141056-150x150.png 150w, https:\/\/cubeia.com\/app\/uploads\/2024\/12\/Screenshot-2024-12-03-141056.png 329w\" sizes=\"auto, (max-width: 298px) 100vw, 298px\" \/><\/p>\n<h2 class=\"title\"><span class=\"underline white\">Nossa hist\u00f3ria de sucesso<\/span><\/h2>\n<p>Quando a Cubeia foi fundada em 2007, quer\u00edamos revitalizar o setor de iGaming multijogador criando um mecanismo multijogador s\u00f3lido e de \u00faltima gera\u00e7\u00e3o. Desde ent\u00e3o, temos expandido nossa oferta e agora temos n\u00e3o apenas uma das principais ofertas de p\u00f4quer on-line no mercado atual, mas tamb\u00e9m jogos de cassino e uma plataforma muito moderna e leve que coloca o operador no controle. <\/p>\n<p>&nbsp;<\/p>\n<\/div>\n<div class=\"text2\">\n<h2 class=\"title\"><span class=\"underline white\">Filosofia do produto em primeiro lugar<\/span><\/h2>\n<p>Na Cubeia, sempre acreditamos em uma abordagem que prioriza o produto no desenvolvimento de projetos porque, no final das contas, o envolvimento do produto \u00e9 o que impulsiona seus neg\u00f3cios.<\/p>\n<p><em>&#8220;Nenhum hack de crescimento, ideia de marketing brilhante ou equipe de vendas pode salv\u00e1-lo a longo prazo se voc\u00ea n\u00e3o tiver um produto suficientemente bom.&#8221;<\/em> &#8211; Sam Altman<\/p>\n<\/div>\n\n      <\/div>\n    <\/div>\n  <\/div>\n<\/div>\n\n\n<div class=\"c-partners container\">\n  <div class=\"row justify-content-md-center\">\n              <p class=\"text-center c-partners__textArea col-12 col-md-8 col-xl-6\">CONFIADO POR<\/p>\n    \n  <\/div>\n  <div class=\"row justify-content-center\">\n                  <div class=\"col-4 col-sm-3 col-md-2 c-partners__partner\">\n          <img decoding=\"async\" src=\"https:\/\/cubeia.com\/app\/uploads\/2024\/12\/21HeadsUp_TheJoker_Vertikal_GreenBG-300x300-1.jpg\"\n            alt=\"partner logo\">\n        <\/div>\n                        <div class=\"col-4 col-sm-3 col-md-2 c-partners__partner\">\n          <img decoding=\"async\" src=\"https:\/\/cubeia.com\/app\/uploads\/2024\/12\/Unibet_Logo-300x78-1.png\"\n            alt=\"partner logo\">\n        <\/div>\n                        <div class=\"col-4 col-sm-3 col-md-2 c-partners__partner\">\n          <img decoding=\"async\" src=\"https:\/\/cubeia.com\/app\/uploads\/2024\/12\/mrg_logo-400px-300x239-1.png\"\n            alt=\"partner logo\">\n        <\/div>\n                        <div class=\"col-4 col-sm-3 col-md-2 c-partners__partner\">\n          <img decoding=\"async\" src=\"https:\/\/cubeia.com\/app\/uploads\/2024\/12\/logo-bet88.png\"\n            alt=\"partner logo\">\n        <\/div>\n                        <div class=\"col-4 col-sm-3 col-md-2 c-partners__partner\">\n          <img decoding=\"async\" src=\"https:\/\/cubeia.com\/app\/uploads\/2024\/12\/bethard-logo-300x202-1.png\"\n            alt=\"partner logo\">\n        <\/div>\n                        <div class=\"col-4 col-sm-3 col-md-2 c-partners__partner\">\n          <img decoding=\"async\" src=\"https:\/\/cubeia.com\/app\/uploads\/2024\/12\/global-logo.png\"\n            alt=\"partner logo\">\n        <\/div>\n                        <div class=\"col-4 col-sm-3 col-md-2 c-partners__partner\">\n          <img decoding=\"async\" src=\"https:\/\/cubeia.com\/app\/uploads\/2024\/12\/nitrogen_logo_optimized-300x105-1.png\"\n            alt=\"partner logo\">\n        <\/div>\n                        <div class=\"col-4 col-sm-3 col-md-2 c-partners__partner\">\n          <img decoding=\"async\" src=\"https:\/\/cubeia.com\/app\/uploads\/2024\/12\/leo.png\"\n            alt=\"partner logo\">\n        <\/div>\n            <\/div>\n<\/div>\n\n\n<div class=\"c-blockBgImageText fade-block\"\n  style=\"background-color: #1d1d1b; background-image: url(https:\/\/cubeia.com\/app\/uploads\/2024\/12\/Screenshot-2024-12-03-120628.png);\">\n  <div class=\"container\">\n    <div class=\"row justify-content-md-center h-100\">\n      <div class=\"c-blockBgImageText__textWrapper col-12 col-md-8 col-xl-6\"\n        style=\"color: #fff\">\n        <h2 style=\"text-align: left;\"><span class=\"underline white\">Licen\u00e7a do Cubeia Poker<\/span><\/h2>\n<p style=\"text-align: left;\">Para obter informa\u00e7\u00f5es sobre uma licen\u00e7a do Cubeia Poker, entre em contato conosco pelo <a href=\"mailto:contact@cubeia.com\"><b>contact@cubeia.com<\/b><\/a><\/p>\n\n      <\/div>\n    <\/div>\n  <\/div>\n<\/div>\n","protected":false},"excerpt":{"rendered":"","protected":false},"author":1,"featured_media":0,"parent":0,"menu_order":0,"comment_status":"closed","ping_status":"closed","template":"","meta":{"_acf_changed":false,"footnotes":""},"class_list":["post-9380","page","type-page","status-publish","hentry"],"acf":[],"yoast_head":"<!-- This site is optimized with the Yoast SEO Premium plugin v27.3 (Yoast SEO v27.3) - https:\/\/yoast.com\/product\/yoast-seo-premium-wordpress\/ -->\n<title>Software de jogos on-line - Cubeia<\/title>\n<meta name=\"description\" content=\"A Cubeia oferece solu\u00e7\u00f5es de software de jogos on-line l\u00edderes do setor desde 2007, especializando-se em plataformas \u00e1geis como o Cubeia Nano e sistemas avan\u00e7ados de p\u00f4quer para capacitar os operadores de iGaming.\" \/>\n<meta name=\"robots\" content=\"index, follow, max-snippet:-1, max-image-preview:large, max-video-preview:-1\" \/>\n<link rel=\"canonical\" href=\"https:\/\/cubeia.com\/br\/\" \/>\n<meta property=\"og:locale\" content=\"pt_BR\" \/>\n<meta property=\"og:type\" content=\"article\" \/>\n<meta property=\"og:title\" content=\"Software de jogos on-line\" \/>\n<meta property=\"og:description\" content=\"A Cubeia oferece solu\u00e7\u00f5es de software de jogos on-line l\u00edderes do setor desde 2007, especializando-se em plataformas \u00e1geis como o Cubeia Nano e sistemas avan\u00e7ados de p\u00f4quer para capacitar os operadores de iGaming.\" \/>\n<meta property=\"og:url\" content=\"https:\/\/cubeia.com\/br\/\" \/>\n<meta property=\"og:site_name\" content=\"Cubeia\" \/>\n<meta property=\"article:modified_time\" content=\"2026-03-26T14:49:09+00:00\" \/>\n<meta name=\"twitter:card\" content=\"summary_large_image\" \/>\n<meta name=\"twitter:label1\" content=\"Est. reading time\" \/>\n\t<meta name=\"twitter:data1\" content=\"5 minutes\" \/>\n<script type=\"application\/ld+json\" class=\"yoast-schema-graph\">{\"@context\":\"https:\\\/\\\/schema.org\",\"@graph\":[{\"@type\":\"WebPage\",\"@id\":\"https:\\\/\\\/cubeia.com\\\/br\\\/\",\"url\":\"https:\\\/\\\/cubeia.com\\\/br\\\/\",\"name\":\"Software de jogos on-line - Cubeia\",\"isPartOf\":{\"@id\":\"https:\\\/\\\/cubeia.com\\\/br\\\/#website\"},\"datePublished\":\"2024-11-26T14:47:19+00:00\",\"dateModified\":\"2026-03-26T14:49:09+00:00\",\"description\":\"A Cubeia oferece solu\u00e7\u00f5es de software de jogos on-line l\u00edderes do setor desde 2007, especializando-se em plataformas \u00e1geis como o Cubeia Nano e sistemas avan\u00e7ados de p\u00f4quer para capacitar os operadores de iGaming.\",\"breadcrumb\":{\"@id\":\"https:\\\/\\\/cubeia.com\\\/br\\\/#breadcrumb\"},\"inLanguage\":\"pt-BR\",\"potentialAction\":[{\"@type\":\"ReadAction\",\"target\":[\"https:\\\/\\\/cubeia.com\\\/br\\\/\"]}]},{\"@type\":\"BreadcrumbList\",\"@id\":\"https:\\\/\\\/cubeia.com\\\/br\\\/#breadcrumb\",\"itemListElement\":[{\"@type\":\"ListItem\",\"position\":1,\"name\":\"Home\",\"item\":\"https:\\\/\\\/cubeia.com\\\/br\\\/\"},{\"@type\":\"ListItem\",\"position\":2,\"name\":\"Software de jogos on-line\"}]},{\"@type\":\"WebSite\",\"@id\":\"https:\\\/\\\/cubeia.com\\\/br\\\/#website\",\"url\":\"https:\\\/\\\/cubeia.com\\\/br\\\/\",\"name\":\"Cubeia\",\"description\":\"\",\"publisher\":{\"@id\":\"https:\\\/\\\/cubeia.com\\\/br\\\/#organization\"},\"potentialAction\":[{\"@type\":\"SearchAction\",\"target\":{\"@type\":\"EntryPoint\",\"urlTemplate\":\"https:\\\/\\\/cubeia.com\\\/br\\\/?s={search_term_string}\"},\"query-input\":{\"@type\":\"PropertyValueSpecification\",\"valueRequired\":true,\"valueName\":\"search_term_string\"}}],\"inLanguage\":\"pt-BR\"},{\"@type\":[\"Organization\",\"Place\"],\"@id\":\"https:\\\/\\\/cubeia.com\\\/br\\\/#organization\",\"name\":\"Cubeia\",\"url\":\"https:\\\/\\\/cubeia.com\\\/br\\\/\",\"logo\":{\"@id\":\"https:\\\/\\\/cubeia.com\\\/br\\\/#local-main-organization-logo\"},\"image\":{\"@id\":\"https:\\\/\\\/cubeia.com\\\/br\\\/#local-main-organization-logo\"},\"telephone\":[],\"openingHoursSpecification\":[{\"@type\":\"OpeningHoursSpecification\",\"dayOfWeek\":[\"Monday\",\"Tuesday\",\"Wednesday\",\"Thursday\",\"Friday\",\"Saturday\",\"Sunday\"],\"opens\":\"09:00\",\"closes\":\"17:00\"}]},{\"@type\":\"ImageObject\",\"inLanguage\":\"pt-BR\",\"@id\":\"https:\\\/\\\/cubeia.com\\\/br\\\/#local-main-organization-logo\",\"url\":\"https:\\\/\\\/cubeia.com\\\/app\\\/uploads\\\/2024\\\/11\\\/Logo.svg\",\"contentUrl\":\"https:\\\/\\\/cubeia.com\\\/app\\\/uploads\\\/2024\\\/11\\\/Logo.svg\",\"width\":285,\"height\":102,\"caption\":\"Cubeia\"}]}<\/script>\n<!-- \/ Yoast SEO Premium plugin. -->","yoast_head_json":{"title":"Software de jogos on-line - Cubeia","description":"A Cubeia oferece solu\u00e7\u00f5es de software de jogos on-line l\u00edderes do setor desde 2007, especializando-se em plataformas \u00e1geis como o Cubeia Nano e sistemas avan\u00e7ados de p\u00f4quer para capacitar os operadores de iGaming.","robots":{"index":"index","follow":"follow","max-snippet":"max-snippet:-1","max-image-preview":"max-image-preview:large","max-video-preview":"max-video-preview:-1"},"canonical":"https:\/\/cubeia.com\/br\/","og_locale":"pt_BR","og_type":"article","og_title":"Software de jogos on-line","og_description":"A Cubeia oferece solu\u00e7\u00f5es de software de jogos on-line l\u00edderes do setor desde 2007, especializando-se em plataformas \u00e1geis como o Cubeia Nano e sistemas avan\u00e7ados de p\u00f4quer para capacitar os operadores de iGaming.","og_url":"https:\/\/cubeia.com\/br\/","og_site_name":"Cubeia","article_modified_time":"2026-03-26T14:49:09+00:00","twitter_card":"summary_large_image","twitter_misc":{"Est. reading time":"5 minutes"},"schema":{"@context":"https:\/\/schema.org","@graph":[{"@type":"WebPage","@id":"https:\/\/cubeia.com\/br\/","url":"https:\/\/cubeia.com\/br\/","name":"Software de jogos on-line - Cubeia","isPartOf":{"@id":"https:\/\/cubeia.com\/br\/#website"},"datePublished":"2024-11-26T14:47:19+00:00","dateModified":"2026-03-26T14:49:09+00:00","description":"A Cubeia oferece solu\u00e7\u00f5es de software de jogos on-line l\u00edderes do setor desde 2007, especializando-se em plataformas \u00e1geis como o Cubeia Nano e sistemas avan\u00e7ados de p\u00f4quer para capacitar os operadores de iGaming.","breadcrumb":{"@id":"https:\/\/cubeia.com\/br\/#breadcrumb"},"inLanguage":"pt-BR","potentialAction":[{"@type":"ReadAction","target":["https:\/\/cubeia.com\/br\/"]}]},{"@type":"BreadcrumbList","@id":"https:\/\/cubeia.com\/br\/#breadcrumb","itemListElement":[{"@type":"ListItem","position":1,"name":"Home","item":"https:\/\/cubeia.com\/br\/"},{"@type":"ListItem","position":2,"name":"Software de jogos on-line"}]},{"@type":"WebSite","@id":"https:\/\/cubeia.com\/br\/#website","url":"https:\/\/cubeia.com\/br\/","name":"Cubeia","description":"","publisher":{"@id":"https:\/\/cubeia.com\/br\/#organization"},"potentialAction":[{"@type":"SearchAction","target":{"@type":"EntryPoint","urlTemplate":"https:\/\/cubeia.com\/br\/?s={search_term_string}"},"query-input":{"@type":"PropertyValueSpecification","valueRequired":true,"valueName":"search_term_string"}}],"inLanguage":"pt-BR"},{"@type":["Organization","Place"],"@id":"https:\/\/cubeia.com\/br\/#organization","name":"Cubeia","url":"https:\/\/cubeia.com\/br\/","logo":{"@id":"https:\/\/cubeia.com\/br\/#local-main-organization-logo"},"image":{"@id":"https:\/\/cubeia.com\/br\/#local-main-organization-logo"},"telephone":[],"openingHoursSpecification":[{"@type":"OpeningHoursSpecification","dayOfWeek":["Monday","Tuesday","Wednesday","Thursday","Friday","Saturday","Sunday"],"opens":"09:00","closes":"17:00"}]},{"@type":"ImageObject","inLanguage":"pt-BR","@id":"https:\/\/cubeia.com\/br\/#local-main-organization-logo","url":"https:\/\/cubeia.com\/app\/uploads\/2024\/11\/Logo.svg","contentUrl":"https:\/\/cubeia.com\/app\/uploads\/2024\/11\/Logo.svg","width":285,"height":102,"caption":"Cubeia"}]}},"_links":{"self":[{"href":"https:\/\/cubeia.com\/br\/wp-json\/wp\/v2\/pages\/9380","targetHints":{"allow":["GET"]}}],"collection":[{"href":"https:\/\/cubeia.com\/br\/wp-json\/wp\/v2\/pages"}],"about":[{"href":"https:\/\/cubeia.com\/br\/wp-json\/wp\/v2\/types\/page"}],"author":[{"embeddable":true,"href":"https:\/\/cubeia.com\/br\/wp-json\/wp\/v2\/users\/1"}],"replies":[{"embeddable":true,"href":"https:\/\/cubeia.com\/br\/wp-json\/wp\/v2\/comments?post=9380"}],"version-history":[{"count":3,"href":"https:\/\/cubeia.com\/br\/wp-json\/wp\/v2\/pages\/9380\/revisions"}],"predecessor-version":[{"id":10222,"href":"https:\/\/cubeia.com\/br\/wp-json\/wp\/v2\/pages\/9380\/revisions\/10222"}],"wp:attachment":[{"href":"https:\/\/cubeia.com\/br\/wp-json\/wp\/v2\/media?parent=9380"}],"curies":[{"name":"wp","href":"https:\/\/api.w.org\/{rel}","templated":true}]}}