{"id":9461,"date":"2025-05-20T11:42:53","date_gmt":"2025-05-20T11:42:53","guid":{"rendered":"https:\/\/cubeia.com\/solucao-de-cassino-turnkey\/"},"modified":"2025-09-11T20:29:18","modified_gmt":"2025-09-11T20:29:18","slug":"solucao-de-cassino-turnkey","status":"publish","type":"page","link":"https:\/\/cubeia.com\/br\/solutions\/turnkey-casino-solution\/","title":{"rendered":"Solu\u00e7\u00e3o de Cassino Turnkey"},"content":{"rendered":"<div class=\"c-blockStartpageHero\">\n  <div class=\"container\">\n    <div class=\"c-blockStartpageHero__textWrapper\">\n      <h1>\n        Solu\u00e7\u00e3o de Cassino Turnkey\n      <\/h1>\n\n\n      <p>Lance seu cassino mais r\u00e1pido: o Cubeia Nano \u00e9 a plataforma turnkey vers\u00e1til que coloca seu neg\u00f3cio no ar em apenas 6 a 8 semanas.<\/p>\n\n\n              <a class=\"c-blockStartpageHero__link cubeia-button\" target=\"\" href=\"https:\/\/cubeia.com\/br\/contato\/\">\n          Contato\n        <\/a>\n          <\/div>\n  <\/div>\n\n  \n      <div class=\"c-blockStartpageHero__video\">\n      <video autoplay loop muted playsinline>\n        <source src=\"https:\/\/cubeia.com\/app\/uploads\/2025\/04\/cubeia_hero_web.mp4\" type=\"video\/mp4\">\n        <source src=\"https:\/\/cubeia.com\/app\/uploads\/2025\/04\/cubeia_hero_web.mp4\" type=\"video\/webm\">\n      <\/video>\n    <\/div>\n  <\/div>\n\n\n<div class=\"c-blockBgImageText \"\n  style=\"background-color: #282828; \">\n  <div class=\"container\">\n    <div class=\"row justify-content-md-center h-100\">\n      <div class=\"c-blockBgImageText__textWrapper col-12 col-md-8 col-xl-6\"\n        style=\"color: #ffffff\">\n        <h2><span class=\"white\">Lance seu cassino em semanas, n\u00e3o em meses<\/span><\/h2>\n<p><span style=\"font-weight: 400;\">Com mais de 15 anos de experi\u00eancia comprovada em jogos online, a Cubeia \u00e9 um parceiro de confian\u00e7a para operadores em todo o mundo. Usamos nosso profundo conhecimento do setor para desenvolver o Cubeia Nano, uma solu\u00e7\u00e3o pronta para uso que permite lan\u00e7ar seu cassino de forma r\u00e1pida e eficiente. <\/span><\/p>\n<p><span style=\"font-weight: 400;\">Desde o momento em que voc\u00ea assina, nossa equipe e tecnologia trabalham em sintonia para colocar seu cassino no ar em apenas algumas semanas, garantindo controle total sobre seus dados, design e opera\u00e7\u00f5es.<\/span><\/p>\n\n      <\/div>\n    <\/div>\n  <\/div>\n<\/div>\n\n\n<div class=\"c-puff-columns-block container fade-block\">\n    <div class=\"row justify-content-md-center h100\">\n            <div\n        class=\"c-puff-columns-grid fade-block \">\n                  <div class=\"c-puff-columns\">\n                        <div class=\" wrapper\">\n                              <div class=\"c-puff-columns__image-wrapper\">\n                  <img decoding=\"async\" src=\"https:\/\/cubeia.com\/app\/uploads\/2024\/12\/poker_highperformance-1.png\" alt=\"\"\n                    style=\"object-fit: contain\">\n                <\/div>\n                            <div class=\"c-puff-columns__text-wrapper\">\n                <h3 class=\"c-puff-columns__title\">R\u00e1pido Time to Market<\/h3>\n                <p class=\"c-puff-columns__text\">Implanta\u00e7\u00e3o completa da plataforma \u2014 jogos, pagamentos e back office \u2014 em apenas 6 a 8 semanas.<\/p>\n                                <span class=\"color-border line\" style=\"border-color: #e6007e\"><\/span>\n              <\/div>\n            <\/div>\n                      <\/div>\n                  <div class=\"c-puff-columns\">\n                        <div class=\" wrapper\">\n                              <div class=\"c-puff-columns__image-wrapper\">\n                  <img decoding=\"async\" src=\"https:\/\/cubeia.com\/app\/uploads\/2024\/12\/poker_easytoskin-1.png\" alt=\"\"\n                    style=\"object-fit: contain\">\n                <\/div>\n                            <div class=\"c-puff-columns__text-wrapper\">\n                <h3 class=\"c-puff-columns__title\">Experi\u00eancia Intuitiva<\/h3>\n                <p class=\"c-puff-columns__text\">UX simplificada para um onboarding de jogadores sem esfor\u00e7o e m\u00e1xima convers\u00e3o.<\/p>\n                                <span class=\"color-border line\" style=\"border-color: #e6007e\"><\/span>\n              <\/div>\n            <\/div>\n                      <\/div>\n                  <div class=\"c-puff-columns\">\n                        <div class=\" wrapper\">\n                              <div class=\"c-puff-columns__image-wrapper\">\n                  <img decoding=\"async\" src=\"https:\/\/cubeia.com\/app\/uploads\/2024\/12\/poker_html5-1.png\" alt=\"\"\n                    style=\"object-fit: contain\">\n                <\/div>\n                            <div class=\"c-puff-columns__text-wrapper\">\n                <h3 class=\"c-puff-columns__title\">Cliente HTML5<\/h3>\n                <p class=\"c-puff-columns__text\">O cliente HTML5 permite que seus jogadores joguem em praticamente qualquer dispositivo.<\/p>\n                                <span class=\"color-border line\" style=\"border-color: #e6007e\"><\/span>\n              <\/div>\n            <\/div>\n                      <\/div>\n              <\/div>\n    <\/div>\n  <\/div>\n\n\n<div\n  class=\"c-blockTextAndImage container-fluid paddingClass  \"\n  style=\"background-color: #bfcfd8\">\n  <div class=\"row h-100\">\n    <div class=\"c-blockTextAndImage__textWrapper col-12 col-md-6 left\">\n      <div class=\"c-blockTextAndImage__textWrapper--text\">\n                          <p class=\"sub-label\" style=\"color: #444444\">\n            Solu\u00e7\u00e3o\n          <\/p>\n        \n        <div class=\"puff-size\" style=\"color: #1d1d1b\">\n          <h2><span class=\"underline\">Pacote Completo de Jogos<br \/>\n<\/span><\/h2>\n<p>O Cubeia Nano traz em seu n\u00facleo uma su\u00edte de jogos de classe mundial, oferecendo integra\u00e7\u00e3o perfeita de mais de 12.000 t\u00edtulos. Essa ampla biblioteca inclui slots, mesas de dealer ao vivo, nossos jogos exclusivos desenvolvidos internamente e o nosso sistema pr\u00f3prio de p\u00f4quer. Al\u00e9m disso, voc\u00ea pode incorporar facilmente os principais feeds de apostas esportivas. Estabelecemos conex\u00f5es diretas com est\u00fadios de ponta, como Evolution e Pragmatic Play, garantindo que seus jogadores tenham sempre acesso aos lan\u00e7amentos mais recentes, al\u00e9m dos cl\u00e1ssicos atemporais.   <\/p>\n\n        <\/div>\n\n        <div class=\"link-area\">\n                                <a href=\"https:\/\/cubeia.com\/br\/contato\/\" class=\"btn cubeia-button\">\n              Contato\n            <\/a>\n                  <\/div>\n      <\/div>\n    <\/div>\n                <div class=\"c-blockTextAndImage__image col-12 col-md-6 ddasdsa\"\n        style=\"background-color: #bfcfd8\">\n        <img loading=\"lazy\" decoding=\"async\" width=\"786\" height=\"414\" src=\"https:\/\/cubeia.com\/app\/uploads\/2024\/12\/providers-logo2.png\" class=\"contain\" alt=\"\" srcset=\"https:\/\/cubeia.com\/app\/uploads\/2024\/12\/providers-logo2.png 786w, https:\/\/cubeia.com\/app\/uploads\/2024\/12\/providers-logo2-300x158.png 300w, https:\/\/cubeia.com\/app\/uploads\/2024\/12\/providers-logo2-768x405.png 768w\" sizes=\"auto, (max-width: 786px) 100vw, 786px\" \/>\n      <\/div>\n      <\/div>\n<\/div>\n\n\n<div class=\"c-blockBgImageText \"\n  style=\"background-color: #282828; \">\n  <div class=\"container\">\n    <div class=\"row justify-content-md-center h-100\">\n      <div class=\"c-blockBgImageText__textWrapper col-12 col-md-8 col-xl-6\"\n        style=\"color: #ffffff\">\n        <h2><span class=\"white\">Solu\u00e7\u00e3o Turnkey da Cubeia \u2013 Principais Recursos<\/span><\/h2>\n<p><span style=\"font-weight: 400;\">No n\u00facleo do Cubeia Nano est\u00e1 uma arquitetura modular projetada para oferecer m\u00e1xima flexibilidade e controle. Nossa plataforma agrega mais de 12.000 jogos \u2014 desde os principais est\u00fadios de slots e jogos de mesa at\u00e9 o nosso sistema pr\u00f3prio de p\u00f4quer de alto desempenho \u2014 em um \u00fanico lobby unificado. Seja para combinar conte\u00fado de dealer ao vivo com t\u00edtulos RNG, expandir para apostas esportivas ou introduzir mini-jogos personalizados, as integra\u00e7\u00f5es plug-and-play do Cubeia Nano tornam tudo isso poss\u00edvel com o m\u00ednimo esfor\u00e7o de desenvolvimento.  <\/span><\/p>\n<p><span style=\"font-weight: 400;\">Nosso back office totalmente gerenciado unifica a gest\u00e3o de jogadores, opera\u00e7\u00f5es de carteira, mecanismos de b\u00f4nus e programas de afiliados em uma \u00fanica solu\u00e7\u00e3o. Os pagamentos s\u00e3o processados por meio de um gateway de pagamento integrado, com suporte para todos os principais meios fiduci\u00e1rios e mais de mil tokens de criptomoedas, al\u00e9m de fluxos de trabalho personaliz\u00e1veis para dep\u00f3sitos, saques e verifica\u00e7\u00f5es antifraude. Enquanto isso, nosso kit de ferramentas de CRM permite criar campanhas segmentadas \u2014 acionadas por eventos em tempo real dos jogadores \u2014 atrav\u00e9s de e-mail, SMS ou notifica\u00e7\u00f5es via webhook.  <\/span><\/p>\n<p><span style=\"font-weight: 400;\">A plataforma utiliza uma arquitetura de microsservi\u00e7os, garantindo alta disponibilidade, escalonamento autom\u00e1tico e implanta\u00e7\u00f5es sem qualquer tempo de inatividade. Controles de acesso baseados em fun\u00e7\u00e3o, registros de auditoria e suporte multil\u00edngue fornecem \u00e0 sua equipe as ferramentas de governan\u00e7a necess\u00e1rias, enquanto nosso mecanismo de relat\u00f3rios em tempo real e a integra\u00e7\u00e3o com data warehouse permitem analisar detalhadamente os indicadores de desempenho para otimizar convers\u00e3o, reten\u00e7\u00e3o e receita. Do conte\u00fado de jogos aos fluxos de conformidade, o Cubeia Nano oferece um ecossistema de iGaming turnkey que voc\u00ea pode personalizar de ponta a ponta.  <\/span><\/p>\n\n      <\/div>\n    <\/div>\n  <\/div>\n<\/div>\n\n\n<div\n  class=\"c-blockTextAndImage container-fluid paddingClass  \"\n  style=\"background-color: #282828\">\n  <div class=\"row h-100\">\n    <div class=\"c-blockTextAndImage__textWrapper col-12 col-md-6 right\">\n      <div class=\"c-blockTextAndImage__textWrapper--text\">\n                \n        <div class=\"puff-size\" style=\"color: #ffffff\">\n          <h2>Pagamentos e Carteiras Flex\u00edveis<\/h2>\n<p><span style=\"font-weight: 400;\">Gerenciar pagamentos e carteiras nunca foi t\u00e3o f\u00e1cil. O Cubeia Nano oferece suporte a todas as principais moedas fiduci\u00e1rias e a diversas criptomoedas e redes (incluindo Bitcoin Lightning, USDT e USDC em ETH\/TRON\/SOL, entre outras), com o PaymentIQ j\u00e1 integrado e a op\u00e7\u00e3o de conectar qualquer provedor personalizado que voc\u00ea precisar. <\/span><\/p>\n<p><span style=\"font-weight: 400;\">Saques instant\u00e2neos s\u00e3o processados por meio de fluxos de aprova\u00e7\u00e3o configur\u00e1veis, oferecendo aos jogadores a agilidade que eles esperam enquanto voc\u00ea mant\u00e9m total controle financeiro.<\/span><\/p>\n\n        <\/div>\n\n        <div class=\"link-area\">\n                                <a href=\"https:\/\/cubeia.com\/br\/contato\/\" class=\"btn cubeia-button\">\n              Contato\n            <\/a>\n                  <\/div>\n      <\/div>\n    <\/div>\n                <div class=\"c-blockTextAndImage__image col-12 col-md-6 ddasdsa\"\n        style=\"background-color: #282828\">\n        <img loading=\"lazy\" decoding=\"async\" width=\"921\" height=\"900\" src=\"https:\/\/cubeia.com\/app\/uploads\/2025\/01\/affiliate_comp.png\" class=\"contain\" alt=\"\" srcset=\"https:\/\/cubeia.com\/app\/uploads\/2025\/01\/affiliate_comp.png 921w, https:\/\/cubeia.com\/app\/uploads\/2025\/01\/affiliate_comp-300x293.png 300w, https:\/\/cubeia.com\/app\/uploads\/2025\/01\/affiliate_comp-768x750.png 768w\" sizes=\"auto, (max-width: 921px) 100vw, 921px\" \/>\n      <\/div>\n      <\/div>\n<\/div>\n\n\n<div\n  class=\"c-blockTextAndImage container-fluid paddingClass  \"\n  style=\"background-color: #bfcfd8\">\n  <div class=\"row h-100\">\n    <div class=\"c-blockTextAndImage__textWrapper col-12 col-md-6 left\">\n      <div class=\"c-blockTextAndImage__textWrapper--text\">\n                          <p class=\"sub-label\" style=\"color: #444444\">\n            Cassino Turnkey\n          <\/p>\n        \n        <div class=\"puff-size\" style=\"color: #1d1d1b\">\n          <h2><span class=\"underline\">Lance R\u00e1pido<\/span>, Cres\u00e7a Sem Limites<\/h2>\n<p class=\"\" data-start=\"32\" data-end=\"149\">O Cubeia Nano capacita os operadores com uma plataforma turnkey que gera r\u00e1pido ROI, minimiza riscos e oferece escalabilidade perfeita:<\/p>\n<ul data-start=\"151\" data-end=\"686\" data-is-last-node=\"\" data-is-only-node=\"\">\n<li class=\"\" data-start=\"151\" data-end=\"303\">\n<p class=\"\" data-start=\"153\" data-end=\"303\"><strong data-start=\"153\" data-end=\"178\">Configura\u00e7\u00e3o e lan\u00e7amento r\u00e1pidos<\/strong>: a implanta\u00e7\u00e3o econ\u00f4mica reduz o investimento inicial substancial, permitindo que voc\u00ea entre no ar em poucas semanas.<\/p>\n<\/li>\n<li class=\"\" data-start=\"422\" data-end=\"555\">\n<p class=\"\" data-start=\"424\" data-end=\"555\"><strong data-start=\"424\" data-end=\"451\">Controle total da marca<\/strong>: propriedade completa dos dados, visual, identidade e licenciamento do seu cassino.<\/p>\n<\/li>\n<\/ul>\n\n        <\/div>\n\n        <div class=\"link-area\">\n                                <a href=\"https:\/\/cubeia.com\/br\/contato\/\" class=\"btn cubeia-button\">\n              Contato\n            <\/a>\n                  <\/div>\n      <\/div>\n    <\/div>\n                <div class=\"c-blockTextAndImage__image col-12 col-md-6 ddasdsa\"\n        style=\"background-color: #bfcfd8\">\n        <img loading=\"lazy\" decoding=\"async\" width=\"1024\" height=\"838\" src=\"https:\/\/cubeia.com\/app\/uploads\/2024\/12\/drive-gameification-ipad__3_-1024x838.png\" class=\"contain\" alt=\"\" srcset=\"https:\/\/cubeia.com\/app\/uploads\/2024\/12\/drive-gameification-ipad__3_-1024x838.png 1024w, https:\/\/cubeia.com\/app\/uploads\/2024\/12\/drive-gameification-ipad__3_-300x246.png 300w, https:\/\/cubeia.com\/app\/uploads\/2024\/12\/drive-gameification-ipad__3_-768x629.png 768w, https:\/\/cubeia.com\/app\/uploads\/2024\/12\/drive-gameification-ipad__3_-1536x1257.png 1536w, https:\/\/cubeia.com\/app\/uploads\/2024\/12\/drive-gameification-ipad__3_-2048x1676.png 2048w\" sizes=\"auto, (max-width: 1024px) 100vw, 1024px\" \/>\n      <\/div>\n      <\/div>\n<\/div>\n\n\n<div class=\"c-blockBgImageText \"\n  style=\"background-color: #1d1d1b; background-image: url(https:\/\/cubeia.com\/app\/uploads\/2024\/12\/bg.png);\">\n  <div class=\"container\">\n    <div class=\"row justify-content-md-center h-100\">\n      <div class=\"c-blockBgImageText__textWrapper col-12 col-md-8 col-xl-6\"\n        style=\"color: #ffffff\">\n        <h2 style=\"text-align: center;\"><span class=\"underline white\">Solu\u00e7\u00e3o de Cassino Turnkey da Cubeia<\/span><\/h2>\n<p>&nbsp;<\/p>\n<p style=\"text-align: center;\">Descubra como o Cubeia Nano pode simplificar cada etapa do lan\u00e7amento do seu cassino \u2014 entre em contato conosco agora: <a href=\"mailto:contact@cubeia.com\"><b>contact@cubeia.com<\/b><\/a><\/p>\n\n      <\/div>\n    <\/div>\n  <\/div>\n<\/div>\n","protected":false},"excerpt":{"rendered":"","protected":false},"author":8,"featured_media":0,"parent":9486,"menu_order":0,"comment_status":"closed","ping_status":"closed","template":"","meta":{"_acf_changed":false,"footnotes":""},"class_list":["post-9461","page","type-page","status-publish","hentry"],"acf":[],"yoast_head":"<!-- This site is optimized with the Yoast SEO Premium plugin v27.3 (Yoast SEO v27.3) - https:\/\/yoast.com\/product\/yoast-seo-premium-wordpress\/ -->\n<title>Solu\u00e7\u00e3o de Cassino Turnkey - Cubeia<\/title>\n<meta name=\"robots\" content=\"index, follow, max-snippet:-1, max-image-preview:large, max-video-preview:-1\" \/>\n<link rel=\"canonical\" href=\"https:\/\/cubeia.com\/br\/solutions\/turnkey-casino-solution\/\" \/>\n<meta property=\"og:locale\" content=\"pt_BR\" \/>\n<meta property=\"og:type\" content=\"article\" \/>\n<meta property=\"og:title\" content=\"Solu\u00e7\u00e3o de Cassino Turnkey\" \/>\n<meta property=\"og:url\" content=\"https:\/\/cubeia.com\/br\/solutions\/turnkey-casino-solution\/\" \/>\n<meta property=\"og:site_name\" content=\"Cubeia\" \/>\n<meta property=\"article:modified_time\" content=\"2025-09-11T20:29:18+00:00\" \/>\n<meta name=\"twitter:card\" content=\"summary_large_image\" \/>\n<meta name=\"twitter:label1\" content=\"Est. reading time\" \/>\n\t<meta name=\"twitter:data1\" content=\"5 minutes\" \/>\n<script type=\"application\/ld+json\" class=\"yoast-schema-graph\">{\"@context\":\"https:\\\/\\\/schema.org\",\"@graph\":[{\"@type\":\"WebPage\",\"@id\":\"https:\\\/\\\/cubeia.com\\\/br\\\/solutions\\\/turnkey-casino-solution\\\/\",\"url\":\"https:\\\/\\\/cubeia.com\\\/br\\\/solutions\\\/turnkey-casino-solution\\\/\",\"name\":\"Solu\u00e7\u00e3o de Cassino Turnkey - Cubeia\",\"isPartOf\":{\"@id\":\"https:\\\/\\\/cubeia.com\\\/br\\\/#website\"},\"datePublished\":\"2025-05-20T11:42:53+00:00\",\"dateModified\":\"2025-09-11T20:29:18+00:00\",\"breadcrumb\":{\"@id\":\"https:\\\/\\\/cubeia.com\\\/br\\\/solutions\\\/turnkey-casino-solution\\\/#breadcrumb\"},\"inLanguage\":\"pt-BR\",\"potentialAction\":[{\"@type\":\"ReadAction\",\"target\":[\"https:\\\/\\\/cubeia.com\\\/br\\\/solutions\\\/turnkey-casino-solution\\\/\"]}]},{\"@type\":\"BreadcrumbList\",\"@id\":\"https:\\\/\\\/cubeia.com\\\/br\\\/solutions\\\/turnkey-casino-solution\\\/#breadcrumb\",\"itemListElement\":[{\"@type\":\"ListItem\",\"position\":1,\"name\":\"Home\",\"item\":\"https:\\\/\\\/cubeia.com\\\/br\\\/\"},{\"@type\":\"ListItem\",\"position\":2,\"name\":\"Solu\u00e7\u00f5es\",\"item\":\"https:\\\/\\\/cubeia.com\\\/br\\\/solucoes\\\/\"},{\"@type\":\"ListItem\",\"position\":3,\"name\":\"Solu\u00e7\u00e3o de Cassino Turnkey\"}]},{\"@type\":\"WebSite\",\"@id\":\"https:\\\/\\\/cubeia.com\\\/br\\\/#website\",\"url\":\"https:\\\/\\\/cubeia.com\\\/br\\\/\",\"name\":\"Cubeia\",\"description\":\"\",\"publisher\":{\"@id\":\"https:\\\/\\\/cubeia.com\\\/br\\\/#organization\"},\"potentialAction\":[{\"@type\":\"SearchAction\",\"target\":{\"@type\":\"EntryPoint\",\"urlTemplate\":\"https:\\\/\\\/cubeia.com\\\/br\\\/?s={search_term_string}\"},\"query-input\":{\"@type\":\"PropertyValueSpecification\",\"valueRequired\":true,\"valueName\":\"search_term_string\"}}],\"inLanguage\":\"pt-BR\"},{\"@type\":[\"Organization\",\"Place\"],\"@id\":\"https:\\\/\\\/cubeia.com\\\/br\\\/#organization\",\"name\":\"Cubeia\",\"url\":\"https:\\\/\\\/cubeia.com\\\/br\\\/\",\"logo\":{\"@id\":\"https:\\\/\\\/cubeia.com\\\/br\\\/solutions\\\/turnkey-casino-solution\\\/#local-main-organization-logo\"},\"image\":{\"@id\":\"https:\\\/\\\/cubeia.com\\\/br\\\/solutions\\\/turnkey-casino-solution\\\/#local-main-organization-logo\"},\"telephone\":[],\"openingHoursSpecification\":[{\"@type\":\"OpeningHoursSpecification\",\"dayOfWeek\":[\"Monday\",\"Tuesday\",\"Wednesday\",\"Thursday\",\"Friday\",\"Saturday\",\"Sunday\"],\"opens\":\"09:00\",\"closes\":\"17:00\"}]},{\"@type\":\"ImageObject\",\"inLanguage\":\"pt-BR\",\"@id\":\"https:\\\/\\\/cubeia.com\\\/br\\\/solutions\\\/turnkey-casino-solution\\\/#local-main-organization-logo\",\"url\":\"https:\\\/\\\/cubeia.com\\\/app\\\/uploads\\\/2024\\\/11\\\/Logo.svg\",\"contentUrl\":\"https:\\\/\\\/cubeia.com\\\/app\\\/uploads\\\/2024\\\/11\\\/Logo.svg\",\"width\":285,\"height\":102,\"caption\":\"Cubeia\"}]}<\/script>\n<!-- \/ Yoast SEO Premium plugin. -->","yoast_head_json":{"title":"Solu\u00e7\u00e3o de Cassino Turnkey - Cubeia","robots":{"index":"index","follow":"follow","max-snippet":"max-snippet:-1","max-image-preview":"max-image-preview:large","max-video-preview":"max-video-preview:-1"},"canonical":"https:\/\/cubeia.com\/br\/solutions\/turnkey-casino-solution\/","og_locale":"pt_BR","og_type":"article","og_title":"Solu\u00e7\u00e3o de Cassino Turnkey","og_url":"https:\/\/cubeia.com\/br\/solutions\/turnkey-casino-solution\/","og_site_name":"Cubeia","article_modified_time":"2025-09-11T20:29:18+00:00","twitter_card":"summary_large_image","twitter_misc":{"Est. reading time":"5 minutes"},"schema":{"@context":"https:\/\/schema.org","@graph":[{"@type":"WebPage","@id":"https:\/\/cubeia.com\/br\/solutions\/turnkey-casino-solution\/","url":"https:\/\/cubeia.com\/br\/solutions\/turnkey-casino-solution\/","name":"Solu\u00e7\u00e3o de Cassino Turnkey - Cubeia","isPartOf":{"@id":"https:\/\/cubeia.com\/br\/#website"},"datePublished":"2025-05-20T11:42:53+00:00","dateModified":"2025-09-11T20:29:18+00:00","breadcrumb":{"@id":"https:\/\/cubeia.com\/br\/solutions\/turnkey-casino-solution\/#breadcrumb"},"inLanguage":"pt-BR","potentialAction":[{"@type":"ReadAction","target":["https:\/\/cubeia.com\/br\/solutions\/turnkey-casino-solution\/"]}]},{"@type":"BreadcrumbList","@id":"https:\/\/cubeia.com\/br\/solutions\/turnkey-casino-solution\/#breadcrumb","itemListElement":[{"@type":"ListItem","position":1,"name":"Home","item":"https:\/\/cubeia.com\/br\/"},{"@type":"ListItem","position":2,"name":"Solu\u00e7\u00f5es","item":"https:\/\/cubeia.com\/br\/solucoes\/"},{"@type":"ListItem","position":3,"name":"Solu\u00e7\u00e3o de Cassino Turnkey"}]},{"@type":"WebSite","@id":"https:\/\/cubeia.com\/br\/#website","url":"https:\/\/cubeia.com\/br\/","name":"Cubeia","description":"","publisher":{"@id":"https:\/\/cubeia.com\/br\/#organization"},"potentialAction":[{"@type":"SearchAction","target":{"@type":"EntryPoint","urlTemplate":"https:\/\/cubeia.com\/br\/?s={search_term_string}"},"query-input":{"@type":"PropertyValueSpecification","valueRequired":true,"valueName":"search_term_string"}}],"inLanguage":"pt-BR"},{"@type":["Organization","Place"],"@id":"https:\/\/cubeia.com\/br\/#organization","name":"Cubeia","url":"https:\/\/cubeia.com\/br\/","logo":{"@id":"https:\/\/cubeia.com\/br\/solutions\/turnkey-casino-solution\/#local-main-organization-logo"},"image":{"@id":"https:\/\/cubeia.com\/br\/solutions\/turnkey-casino-solution\/#local-main-organization-logo"},"telephone":[],"openingHoursSpecification":[{"@type":"OpeningHoursSpecification","dayOfWeek":["Monday","Tuesday","Wednesday","Thursday","Friday","Saturday","Sunday"],"opens":"09:00","closes":"17:00"}]},{"@type":"ImageObject","inLanguage":"pt-BR","@id":"https:\/\/cubeia.com\/br\/solutions\/turnkey-casino-solution\/#local-main-organization-logo","url":"https:\/\/cubeia.com\/app\/uploads\/2024\/11\/Logo.svg","contentUrl":"https:\/\/cubeia.com\/app\/uploads\/2024\/11\/Logo.svg","width":285,"height":102,"caption":"Cubeia"}]}},"_links":{"self":[{"href":"https:\/\/cubeia.com\/br\/wp-json\/wp\/v2\/pages\/9461","targetHints":{"allow":["GET"]}}],"collection":[{"href":"https:\/\/cubeia.com\/br\/wp-json\/wp\/v2\/pages"}],"about":[{"href":"https:\/\/cubeia.com\/br\/wp-json\/wp\/v2\/types\/page"}],"author":[{"embeddable":true,"href":"https:\/\/cubeia.com\/br\/wp-json\/wp\/v2\/users\/8"}],"replies":[{"embeddable":true,"href":"https:\/\/cubeia.com\/br\/wp-json\/wp\/v2\/comments?post=9461"}],"version-history":[{"count":9,"href":"https:\/\/cubeia.com\/br\/wp-json\/wp\/v2\/pages\/9461\/revisions"}],"predecessor-version":[{"id":9528,"href":"https:\/\/cubeia.com\/br\/wp-json\/wp\/v2\/pages\/9461\/revisions\/9528"}],"up":[{"embeddable":true,"href":"https:\/\/cubeia.com\/br\/wp-json\/wp\/v2\/pages\/9486"}],"wp:attachment":[{"href":"https:\/\/cubeia.com\/br\/wp-json\/wp\/v2\/media?parent=9461"}],"curies":[{"name":"wp","href":"https:\/\/api.w.org\/{rel}","templated":true}]}}