{"id":9591,"date":"2025-05-20T10:20:41","date_gmt":"2025-05-20T10:20:41","guid":{"rendered":"https:\/\/cubeia.com\/solucoes\/software-de-cassino-cripto\/"},"modified":"2025-09-11T21:21:23","modified_gmt":"2025-09-11T21:21:23","slug":"software-de-cassino-cripto","status":"publish","type":"page","link":"https:\/\/cubeia.com\/br\/solutions\/crypto-casino-software\/","title":{"rendered":"Software de Cassino Cripto"},"content":{"rendered":"<div class=\"c-blockStartpageHero\">\n  <div class=\"container\">\n    <div class=\"c-blockStartpageHero__textWrapper\">\n      <h1>\n        Software de Cassino Cripto\n      <\/h1>\n\n\n      <p>Uma Plataforma de iGaming Superior<\/p>\n\n\n              <a class=\"c-blockStartpageHero__link cubeia-button\" target=\"\" href=\"https:\/\/cubeia.com\/br\/contato\/\">\n          Contato\n        <\/a>\n          <\/div>\n  <\/div>\n\n  \n      <div class=\"c-blockStartpageHero__video\">\n      <video autoplay loop muted playsinline>\n        <source src=\"https:\/\/cubeia.com\/app\/uploads\/2025\/04\/cubeia_hero_web.mp4\" type=\"video\/mp4\">\n        <source src=\"https:\/\/cubeia.com\/app\/uploads\/2025\/04\/cubeia_hero_web.mp4\" type=\"video\/webm\">\n      <\/video>\n    <\/div>\n  <\/div>\n\n\n<div class=\"block-core-spacer container\"><div class=\"row justify-content-md-center\"><div class=\"col-12 col-md-8 col-xl-6\">\n<div style=\"height:80px\" aria-hidden=\"true\" class=\"wp-block-spacer\"><\/div>\n<\/div><\/div><\/div>\n\n<div\n  class=\"c-blockTextAndImage container-fluid paddingClass fade-block \"\n  style=\"background-color: #ffffff\">\n  <div class=\"row h-100\">\n    <div class=\"c-blockTextAndImage__textWrapper col-12 col-md-6 left\">\n      <div class=\"c-blockTextAndImage__textWrapper--text\">\n                \n        <div class=\"puff-size\" style=\"color: #1d1d1b\">\n          <h2>Solu\u00e7\u00e3o de Cassino Cripto<\/h2>\n<p>A ind\u00fastria de jogos online est\u00e1 mudando rapidamente, e as criptomoedas est\u00e3o liderando esse movimento. Os cassinos cripto est\u00e3o se tornando cada vez mais populares porque oferecem vantagens tanto para os operadores quanto para os jogadores. <\/p>\n<p>Com moedas digitais como o Bitcoin, os jogadores desfrutam de mais seguran\u00e7a, transa\u00e7\u00f5es mais r\u00e1pidas e maior controle sobre seu dinheiro. \u00c0 medida que as criptomoedas ganham popularidade, ter uma plataforma s\u00f3lida de cassino cripto deixa de ser apenas um diferencial \u2014 torna-se essencial para o crescimento. <\/p>\n<p>Desbloqueie um crescimento acelerado para o seu cassino cripto com a solu\u00e7\u00e3o poderosa e integrada da Cubeia.<\/p>\n\n        <\/div>\n\n        <div class=\"link-area\">\n                            <\/div>\n      <\/div>\n    <\/div>\n                <div class=\"c-blockTextAndImage__image col-12 col-md-6 ddasdsa\"\n        style=\"background-color: #ffffff\">\n        <img loading=\"lazy\" decoding=\"async\" width=\"786\" height=\"410\" src=\"https:\/\/cubeia.com\/app\/uploads\/2024\/12\/cryptos-2.png\" class=\"contain\" alt=\"\" srcset=\"https:\/\/cubeia.com\/app\/uploads\/2024\/12\/cryptos-2.png 786w, https:\/\/cubeia.com\/app\/uploads\/2024\/12\/cryptos-2-300x156.png 300w, https:\/\/cubeia.com\/app\/uploads\/2024\/12\/cryptos-2-768x401.png 768w\" sizes=\"auto, (max-width: 786px) 100vw, 786px\" \/>\n      <\/div>\n      <\/div>\n<\/div>\n\n\n<div\n  class=\"c-blockTextAndImage container-fluid paddingClass fade-block \"\n  style=\"background-color: #1d1d1b\">\n  <div class=\"row h-100\">\n    <div class=\"c-blockTextAndImage__textWrapper col-12 col-md-6 right\">\n      <div class=\"c-blockTextAndImage__textWrapper--text\">\n                \n        <div class=\"puff-size\" style=\"color: #ffffff\">\n          <h2>Recursos do Cassino Cripto Cubeia<\/h2>\n<p>O Cubeia Nano foi desenvolvido para ajud\u00e1-lo a ter sucesso na competitiva ind\u00fastria de cassinos cripto, oferecendo uma variedade de recursos essenciais. Ele garante uma experi\u00eancia do usu\u00e1rio (UX) perfeita em todos os dispositivos, facilitando o cadastro dos jogadores e mantendo-os engajados. <\/p>\n<ul>\n<li>Mais de 12.000 jogos de cassino dos principais provedores, como Evolution, Pragmatic Play, No Limit City, Kalamba e muitos outros.<\/li>\n<li>Nossa plataforma oferece suporte a todas as principais criptomoedas \u2014 Bitcoin com Lightning Network, USDT e USDC na Ethereum, TRON e BSC \u2014 e inclui um provedor de on-ramp para compras de cripto com cart\u00e3o de cr\u00e9dito.<\/li>\n<\/ul>\n<p>Gerenciar seu cassino \u00e9 simples com o poderoso e intuitivo back office do Cubeia Nano. Com acesso baseado em fun\u00e7\u00f5es, voc\u00ea pode facilmente administrar contas de jogadores, pagamentos, gerenciamento de jogos, relat\u00f3rios e configura\u00e7\u00f5es do sistema. <\/p>\n\n        <\/div>\n\n        <div class=\"link-area\">\n                            <\/div>\n      <\/div>\n    <\/div>\n                <div class=\"c-blockTextAndImage__image col-12 col-md-6 ddasdsa\"\n        style=\"background-color: #1d1d1b\">\n        <img loading=\"lazy\" decoding=\"async\" width=\"921\" height=\"900\" src=\"https:\/\/cubeia.com\/app\/uploads\/2025\/01\/affiliate_comp.png\" class=\"contain\" alt=\"\" srcset=\"https:\/\/cubeia.com\/app\/uploads\/2025\/01\/affiliate_comp.png 921w, https:\/\/cubeia.com\/app\/uploads\/2025\/01\/affiliate_comp-300x293.png 300w, https:\/\/cubeia.com\/app\/uploads\/2025\/01\/affiliate_comp-768x750.png 768w\" sizes=\"auto, (max-width: 921px) 100vw, 921px\" \/>\n      <\/div>\n      <\/div>\n<\/div>\n\n\n<div\n  class=\"c-blockTextAndImage container-fluid paddingClass fade-block \"\n  style=\"background-color: #606060\">\n  <div class=\"row h-100\">\n    <div class=\"c-blockTextAndImage__textWrapper col-12 col-md-6 left\">\n      <div class=\"c-blockTextAndImage__textWrapper--text\">\n                \n        <div class=\"puff-size\" style=\"color: #ffffff\">\n          <h2>A Plataforma de Cassino Cripto Tudo-em-Um<\/h2>\n<p>A plataforma de cassino cripto Cubeia Nano combina b\u00f4nus din\u00e2micos, CRM integrado, ferramentas de afiliados e an\u00e1lises em tempo real para gerar lealdade imediata dos jogadores e efici\u00eancia operacional.<\/p>\n<ul>\n<li>B\u00f4nus e Recompensas Personaliz\u00e1veis: Parachute, Bounty, Cashback, Rakeback, recompensas em dinheiro e rodadas gr\u00e1tis<\/li>\n<li>CRM Integrado: campanhas por e-mail, SMS e webhooks atrav\u00e9s de um editor visual de fluxos de trabalho<\/li>\n<li>Sistema de Afiliados e Agentes: modelos de comiss\u00e3o Revenue Share, CPA e H\u00edbrido, com painel de afiliados de autoatendimento<\/li>\n<li>Relat\u00f3rios em Tempo Real &amp; BI: dashboards altamente configur\u00e1veis para acompanhar os principais indicadores de desempenho<\/li>\n<li>Personaliza\u00e7\u00e3o de Interface e Fluxos: fluxos de cadastro totalmente ajust\u00e1veis, lobbies de cassino e personaliza\u00e7\u00e3o visual do site, com suporte multil\u00edngue.<\/li>\n<\/ul>\n\n        <\/div>\n\n        <div class=\"link-area\">\n                                <a href=\"https:\/\/cubeia.com\/br\/contato\/\" class=\"btn cubeia-button\">\n              Contato\n            <\/a>\n                  <\/div>\n      <\/div>\n    <\/div>\n                <div class=\"c-blockTextAndImage__image col-12 col-md-6 ddasdsa\"\n        style=\"background-color: #606060\">\n        <img loading=\"lazy\" decoding=\"async\" width=\"1000\" height=\"1016\" src=\"https:\/\/cubeia.com\/app\/uploads\/2025\/01\/intelligent-BI.png\" class=\"contain\" alt=\"\" srcset=\"https:\/\/cubeia.com\/app\/uploads\/2025\/01\/intelligent-BI.png 1000w, https:\/\/cubeia.com\/app\/uploads\/2025\/01\/intelligent-BI-295x300.png 295w, https:\/\/cubeia.com\/app\/uploads\/2025\/01\/intelligent-BI-768x780.png 768w\" sizes=\"auto, (max-width: 1000px) 100vw, 1000px\" \/>\n      <\/div>\n      <\/div>\n<\/div>\n\n\n<div\n  class=\"c-blockTextAndImage container-fluid paddingClass fade-block \"\n  style=\"background-color: #282828\">\n  <div class=\"row h-100\">\n    <div class=\"c-blockTextAndImage__textWrapper col-12 col-md-6 left\">\n      <div class=\"c-blockTextAndImage__textWrapper--text\">\n                \n        <div class=\"puff-size\" style=\"color: #ffffff\">\n          <div class=\"listStyled__ListStyled-sc-19ddbqu-0 cPEcPd Platform\">\n<div class=\"textWrap\">\n<div class=\"text\">\n<div class=\"listStyled__ListStyled-sc-19ddbqu-0 cPEcPd Platform\">\n<div class=\"textWrap\">\n<div class=\"text\">\n<h2><span class=\"underline\">Fornecedores de Jogos<\/span><\/h2>\n<\/div>\n<\/div>\n<\/div>\n<p><span class=\"selected\">Ofere\u00e7a aos seus jogadores uma experi\u00eancia de jogo incompar\u00e1vel com acesso a mais de 12.000 t\u00edtulos dos principais provedores da ind\u00fastria, todos otimizados para jogo com criptomoedas.<\/span><\/p>\n<p><strong><span class=\"selected\">Jogos de Cassino<\/span><\/strong>: <span class=\"selected\">milhares de slots, jogos de mesa e muito mais dos est\u00fadios l\u00edderes como Pragmatic Play, NoLimit City, Thunderkick, Hacksaw Gaming, Kalamba e muitos outros.<\/span><\/p>\n<p><strong><span class=\"selected\">Cassino ao Vivo:<\/span><\/strong> <span class=\"selected\">envolva seus jogadores com jogos de dealer ao vivo de alto n\u00edvel de provedores como Evolution e Pragmatic Play Live.<\/span><\/p>\n<\/div>\n<\/div>\n<\/div>\n\n        <\/div>\n\n        <div class=\"link-area\">\n                            <\/div>\n      <\/div>\n    <\/div>\n                <div class=\"c-blockTextAndImage__image col-12 col-md-6 ddasdsa\"\n        style=\"background-color: #282828\">\n        <img loading=\"lazy\" decoding=\"async\" width=\"786\" height=\"410\" src=\"https:\/\/cubeia.com\/app\/uploads\/2024\/12\/cryptos-2.png\" class=\"contain\" alt=\"\" srcset=\"https:\/\/cubeia.com\/app\/uploads\/2024\/12\/cryptos-2.png 786w, https:\/\/cubeia.com\/app\/uploads\/2024\/12\/cryptos-2-300x156.png 300w, https:\/\/cubeia.com\/app\/uploads\/2024\/12\/cryptos-2-768x401.png 768w\" sizes=\"auto, (max-width: 786px) 100vw, 786px\" \/>\n      <\/div>\n      <\/div>\n<\/div>\n\n\n<div\n  class=\"c-blockTextAndImage container-fluid paddingClass fade-block \"\n  style=\"background-color: \">\n  <div class=\"row h-100\">\n    <div class=\"c-blockTextAndImage__textWrapper col-12 col-md-6 right\">\n      <div class=\"c-blockTextAndImage__textWrapper--text\">\n                \n        <div class=\"puff-size\" style=\"\">\n          <h2>Benef\u00edcios do Software Cripto<\/h2>\n<p>Operar um cassino cripto traz uma s\u00e9rie de vantagens que podem elevar significativamente o seu neg\u00f3cio de jogos online. Aqui est\u00e3o alguns dos principais benef\u00edcios de utilizar criptomoedas em sua opera\u00e7\u00e3o de cassino: <\/p>\n<ul>\n<li><strong>Maior Seguran\u00e7a: <\/strong>a tecnologia blockchain reduz drasticamente o risco de fraudes e estornos.<\/li>\n<li><strong>Mais Velocidade &amp; Efici\u00eancia: <\/strong>as transa\u00e7\u00f5es em cripto s\u00e3o processadas mais rapidamente do que os m\u00e9todos banc\u00e1rios tradicionais, garantindo dep\u00f3sitos e saques mais r\u00e1pidos.<\/li>\n<li><strong>Taxas de Transa\u00e7\u00e3o Mais Baixas:<\/strong> transa\u00e7\u00f5es peer-to-peer reduzem intermedi\u00e1rios, resultando em custos de transa\u00e7\u00e3o menores.<\/li>\n<li><strong>Maior Privacidade para os Jogadores:<\/strong> transa\u00e7\u00f5es com criptomoedas exigem menos informa\u00e7\u00f5es pessoais, atraindo jogadores preocupados com privacidade.<\/li>\n<li><strong>Alcance Global:<\/strong> supere limita\u00e7\u00f5es geogr\u00e1ficas de pagamento e atenda um p\u00fablico mundial.<\/li>\n<li><strong>Independ\u00eancia Financeira:<\/strong> tenha mais controle sobre suas finan\u00e7as com menos depend\u00eancia de sistemas banc\u00e1rios tradicionais.<\/li>\n<li><strong>Diferencia\u00e7\u00e3o de Mercado: <\/strong>atraia um segmento crescente de jogadores experientes em tecnologia e de alto valor, que preferem pagamentos com criptomoedas.<\/li>\n<\/ul>\n\n        <\/div>\n\n        <div class=\"link-area\">\n                            <\/div>\n      <\/div>\n    <\/div>\n                <div class=\"c-blockTextAndImage__image col-12 col-md-6 ddasdsa\"\n        style=\"background-color: \">\n        <img loading=\"lazy\" decoding=\"async\" width=\"921\" height=\"900\" src=\"https:\/\/cubeia.com\/app\/uploads\/2025\/01\/affiliate_comp.png\" class=\"contain\" alt=\"\" srcset=\"https:\/\/cubeia.com\/app\/uploads\/2025\/01\/affiliate_comp.png 921w, https:\/\/cubeia.com\/app\/uploads\/2025\/01\/affiliate_comp-300x293.png 300w, https:\/\/cubeia.com\/app\/uploads\/2025\/01\/affiliate_comp-768x750.png 768w\" sizes=\"auto, (max-width: 921px) 100vw, 921px\" \/>\n      <\/div>\n      <\/div>\n<\/div>\n\n\n<div\n  class=\"c-blockTextAndImage container-fluid paddingClass  \"\n  style=\"background-color: #282828\">\n  <div class=\"row h-100\">\n    <div class=\"c-blockTextAndImage__textWrapper col-12 col-md-6 left\">\n      <div class=\"c-blockTextAndImage__textWrapper--text\">\n                \n        <div class=\"puff-size\" style=\"color: #ffffff\">\n          <h2>Cubeia Nano: Sua Solu\u00e7\u00e3o Cripto Turnkey<\/h2>\n<p>O Cubeia Nano \u00e9 o motor que impulsiona nossa Solu\u00e7\u00e3o de Cassino Cripto. Trata-se de uma plataforma de iGaming moderna, leve e \u00e1gil, projetada especificamente para se destacar no din\u00e2mico ambiente cripto. Ela combina um front-end intuitivo e otimizado para convers\u00e3o com ferramentas de back-end poderosas, ampla capacidade de processamento de pagamentos em cripto e integra\u00e7\u00e3o perfeita de diversos conte\u00fados de jogos. Escolha o Cubeia Nano para uma base r\u00e1pida, confi\u00e1vel e preparada para o futuro do seu cassino cripto.   <\/p>\n<p><strong>Pronto para come\u00e7ar? Entre em contato hoje mesmo e lance seu neg\u00f3cio de jogos em cripto com o Cubeia Nano! <\/strong><\/p>\n\n        <\/div>\n\n        <div class=\"link-area\">\n                                <a href=\"https:\/\/cubeia.com\/br\/contato\/\" class=\"btn cubeia-button\">\n              Fale com a gente!\n            <\/a>\n                  <\/div>\n      <\/div>\n    <\/div>\n                <div class=\"c-blockTextAndImage__image col-12 col-md-6 ddasdsa\"\n        style=\"background-color: #282828\">\n        <img loading=\"lazy\" decoding=\"async\" width=\"600\" height=\"600\" src=\"https:\/\/cubeia.com\/app\/uploads\/2025\/01\/transp.png\" class=\"contain\" alt=\"\" srcset=\"https:\/\/cubeia.com\/app\/uploads\/2025\/01\/transp.png 600w, https:\/\/cubeia.com\/app\/uploads\/2025\/01\/transp-300x300.png 300w, https:\/\/cubeia.com\/app\/uploads\/2025\/01\/transp-150x150.png 150w\" sizes=\"auto, (max-width: 600px) 100vw, 600px\" \/>\n      <\/div>\n      <\/div>\n<\/div>\n\n\n<div class=\"c-puff-columns-block container fade-block\">\n    <div class=\"row justify-content-md-center h100\">\n            <div\n        class=\"c-puff-columns-grid fade-block \">\n                  <div class=\"c-puff-columns\">\n                        <div class=\" wrapper\">\n                            <div class=\"c-puff-columns__text-wrapper\">\n                <h3 class=\"c-puff-columns__title\">Tempo de lan\u00e7amento<\/h3>\n                <p class=\"c-puff-columns__text\">Configura\u00e7\u00e3o completa para lan\u00e7amento em apenas algumas semanas.<\/p>\n                                <span class=\"color-border line\" style=\"border-color: #e6007e\"><\/span>\n              <\/div>\n            <\/div>\n                      <\/div>\n                  <div class=\"c-puff-columns\">\n                        <div class=\" wrapper\">\n                            <div class=\"c-puff-columns__text-wrapper\">\n                <h3 class=\"c-puff-columns__title\">Simplicidade<\/h3>\n                <p class=\"c-puff-columns__text\">Cada intera\u00e7\u00e3o do usu\u00e1rio \u00e9 projetada para ser o mais simples e intuitiva poss\u00edvel.<\/p>\n                                <span class=\"color-border line\" style=\"border-color: #e6007e\"><\/span>\n              <\/div>\n            <\/div>\n                      <\/div>\n                  <div class=\"c-puff-columns\">\n                        <div class=\" wrapper\">\n                            <div class=\"c-puff-columns__text-wrapper\">\n                <h3 class=\"c-puff-columns__title\">R\u00e1pido<\/h3>\n                <p class=\"c-puff-columns__text\">O cliente \u00e9 otimizado para carregamento r\u00e1pido e responsividade em toda a jornada do usu\u00e1rio.<\/p>\n                                <span class=\"color-border line\" style=\"border-color: #e6007e\"><\/span>\n              <\/div>\n            <\/div>\n                      <\/div>\n              <\/div>\n    <\/div>\n  <\/div>\n\n\n<div\n  class=\"c-blockTextAndImage container-fluid  fade-block \"\n  style=\"background-color: #1d1d1b\">\n  <div class=\"row h-100\">\n    <div class=\"c-blockTextAndImage__textWrapper col-12 col-md-6 left\">\n      <div class=\"c-blockTextAndImage__textWrapper--text\">\n                \n        <div class=\"puff-size\" style=\"color: #ffffff\">\n          <h2><span class=\"underline\">FAQ<\/span><\/h2>\n<h3>Como os cassinos cripto diferem dos cassinos tradicionais?<\/h3>\n<p>Os cassinos cripto utilizam a tecnologia blockchain para aumentar a privacidade, exigindo o m\u00ednimo de dados pessoais e permitindo transa\u00e7\u00f5es pseud\u00f4nimas em criptomoedas (BTC, ETH, USDT) em vez de moeda fiduci\u00e1ria. Al\u00e9m disso, usam registros imut\u00e1veis para jogos comprovadamente justos, liquida\u00e7\u00f5es quase instant\u00e2neas, taxas mais baixas e condi\u00e7\u00f5es financeiras mais transparentes do que os cassinos online tradicionais. <\/p>\n<h3>Quais benef\u00edcios os cassinos cripto oferecem aos jogadores?<\/h3>\n<p>Os jogadores se beneficiam de dep\u00f3sitos e saques on-chain quase instant\u00e2neos, sem os longos prazos de processamento banc\u00e1rio ou de cart\u00e3o e sem taxas elevadas. As carteiras de cripto exigem informa\u00e7\u00f5es pessoais m\u00ednimas, aumentando a privacidade e a seguran\u00e7a. Os mecanismos comprovadamente justos da blockchain permitem a auditabilidade transparente de cada resultado de jogo. Al\u00e9m disso, o acesso sem fronteiras possibilita que jogadores em regi\u00f5es com restri\u00e7\u00f5es banc\u00e1rias joguem sem interrup\u00e7\u00f5es.   <\/p>\n<h3>Com que rapidez posso lan\u00e7ar meu cassino cripto com o Cubeia Nano?<\/h3>\n<p>Voc\u00ea pode ter um cassino cripto totalmente operacional em apenas algumas semanas \u2014 o Cubeia Nano \u00e9 uma solu\u00e7\u00e3o turnkey pr\u00e9-configurada com jogos, back office, sistemas de pagamento e an\u00e1lises, eliminando longos ciclos de desenvolvimento para que voc\u00ea comece a gerar receita mais r\u00e1pido.<\/p>\n<h3>Posso personalizar totalmente a identidade visual, o lobby e as mec\u00e2nicas de b\u00f4nus do meu cassino?<\/h3>\n<p>Com certeza \u2014 o Cubeia Nano oferece op\u00e7\u00f5es ilimitadas de personaliza\u00e7\u00e3o, configura\u00e7\u00f5es flex\u00edveis de lobby, fluxos de cadastro em m\u00faltiplas etapas e um motor de b\u00f4nus completo que suporta Parachute, Bounty, Cashback, Rakeback, b\u00f4nus ativados por dep\u00f3sito e muito mais, para que voc\u00ea crie promo\u00e7\u00f5es que realmente ressoem com seu p\u00fablico.<\/p>\n\n        <\/div>\n\n        <div class=\"link-area\">\n                            <\/div>\n      <\/div>\n    <\/div>\n      <\/div>\n<\/div>\n","protected":false},"excerpt":{"rendered":"","protected":false},"author":8,"featured_media":0,"parent":9486,"menu_order":0,"comment_status":"closed","ping_status":"closed","template":"","meta":{"_acf_changed":false,"footnotes":""},"class_list":["post-9591","page","type-page","status-publish","hentry"],"acf":[],"yoast_head":"<!-- This site is optimized with the Yoast SEO Premium plugin v27.3 (Yoast SEO v27.3) - https:\/\/yoast.com\/product\/yoast-seo-premium-wordpress\/ -->\n<title>Software de Cassino Cripto - Cubeia<\/title>\n<meta name=\"robots\" content=\"index, follow, max-snippet:-1, max-image-preview:large, max-video-preview:-1\" \/>\n<link rel=\"canonical\" href=\"https:\/\/cubeia.com\/br\/solutions\/crypto-casino-software\/\" \/>\n<meta property=\"og:locale\" content=\"pt_BR\" \/>\n<meta property=\"og:type\" content=\"article\" \/>\n<meta property=\"og:title\" content=\"Software de Cassino Cripto\" \/>\n<meta property=\"og:url\" content=\"https:\/\/cubeia.com\/br\/solutions\/crypto-casino-software\/\" \/>\n<meta property=\"og:site_name\" content=\"Cubeia\" \/>\n<meta property=\"article:modified_time\" content=\"2025-09-11T21:21:23+00:00\" \/>\n<meta name=\"twitter:card\" content=\"summary_large_image\" \/>\n<meta name=\"twitter:label1\" content=\"Est. reading time\" \/>\n\t<meta name=\"twitter:data1\" content=\"6 minutes\" \/>\n<script type=\"application\/ld+json\" class=\"yoast-schema-graph\">{\"@context\":\"https:\\\/\\\/schema.org\",\"@graph\":[{\"@type\":\"WebPage\",\"@id\":\"https:\\\/\\\/cubeia.com\\\/br\\\/solutions\\\/crypto-casino-software\\\/\",\"url\":\"https:\\\/\\\/cubeia.com\\\/br\\\/solutions\\\/crypto-casino-software\\\/\",\"name\":\"Software de Cassino Cripto - Cubeia\",\"isPartOf\":{\"@id\":\"https:\\\/\\\/cubeia.com\\\/br\\\/#website\"},\"datePublished\":\"2025-05-20T10:20:41+00:00\",\"dateModified\":\"2025-09-11T21:21:23+00:00\",\"breadcrumb\":{\"@id\":\"https:\\\/\\\/cubeia.com\\\/br\\\/solutions\\\/crypto-casino-software\\\/#breadcrumb\"},\"inLanguage\":\"pt-BR\",\"potentialAction\":[{\"@type\":\"ReadAction\",\"target\":[\"https:\\\/\\\/cubeia.com\\\/br\\\/solutions\\\/crypto-casino-software\\\/\"]}]},{\"@type\":\"BreadcrumbList\",\"@id\":\"https:\\\/\\\/cubeia.com\\\/br\\\/solutions\\\/crypto-casino-software\\\/#breadcrumb\",\"itemListElement\":[{\"@type\":\"ListItem\",\"position\":1,\"name\":\"Home\",\"item\":\"https:\\\/\\\/cubeia.com\\\/br\\\/\"},{\"@type\":\"ListItem\",\"position\":2,\"name\":\"Solu\u00e7\u00f5es\",\"item\":\"https:\\\/\\\/cubeia.com\\\/br\\\/solucoes\\\/\"},{\"@type\":\"ListItem\",\"position\":3,\"name\":\"Software de Cassino Cripto\"}]},{\"@type\":\"WebSite\",\"@id\":\"https:\\\/\\\/cubeia.com\\\/br\\\/#website\",\"url\":\"https:\\\/\\\/cubeia.com\\\/br\\\/\",\"name\":\"Cubeia\",\"description\":\"\",\"publisher\":{\"@id\":\"https:\\\/\\\/cubeia.com\\\/br\\\/#organization\"},\"potentialAction\":[{\"@type\":\"SearchAction\",\"target\":{\"@type\":\"EntryPoint\",\"urlTemplate\":\"https:\\\/\\\/cubeia.com\\\/br\\\/?s={search_term_string}\"},\"query-input\":{\"@type\":\"PropertyValueSpecification\",\"valueRequired\":true,\"valueName\":\"search_term_string\"}}],\"inLanguage\":\"pt-BR\"},{\"@type\":[\"Organization\",\"Place\"],\"@id\":\"https:\\\/\\\/cubeia.com\\\/br\\\/#organization\",\"name\":\"Cubeia\",\"url\":\"https:\\\/\\\/cubeia.com\\\/br\\\/\",\"logo\":{\"@id\":\"https:\\\/\\\/cubeia.com\\\/br\\\/solutions\\\/crypto-casino-software\\\/#local-main-organization-logo\"},\"image\":{\"@id\":\"https:\\\/\\\/cubeia.com\\\/br\\\/solutions\\\/crypto-casino-software\\\/#local-main-organization-logo\"},\"telephone\":[],\"openingHoursSpecification\":[{\"@type\":\"OpeningHoursSpecification\",\"dayOfWeek\":[\"Monday\",\"Tuesday\",\"Wednesday\",\"Thursday\",\"Friday\",\"Saturday\",\"Sunday\"],\"opens\":\"09:00\",\"closes\":\"17:00\"}]},{\"@type\":\"ImageObject\",\"inLanguage\":\"pt-BR\",\"@id\":\"https:\\\/\\\/cubeia.com\\\/br\\\/solutions\\\/crypto-casino-software\\\/#local-main-organization-logo\",\"url\":\"https:\\\/\\\/cubeia.com\\\/app\\\/uploads\\\/2024\\\/11\\\/Logo.svg\",\"contentUrl\":\"https:\\\/\\\/cubeia.com\\\/app\\\/uploads\\\/2024\\\/11\\\/Logo.svg\",\"width\":285,\"height\":102,\"caption\":\"Cubeia\"}]}<\/script>\n<!-- \/ Yoast SEO Premium plugin. -->","yoast_head_json":{"title":"Software de Cassino Cripto - Cubeia","robots":{"index":"index","follow":"follow","max-snippet":"max-snippet:-1","max-image-preview":"max-image-preview:large","max-video-preview":"max-video-preview:-1"},"canonical":"https:\/\/cubeia.com\/br\/solutions\/crypto-casino-software\/","og_locale":"pt_BR","og_type":"article","og_title":"Software de Cassino Cripto","og_url":"https:\/\/cubeia.com\/br\/solutions\/crypto-casino-software\/","og_site_name":"Cubeia","article_modified_time":"2025-09-11T21:21:23+00:00","twitter_card":"summary_large_image","twitter_misc":{"Est. reading time":"6 minutes"},"schema":{"@context":"https:\/\/schema.org","@graph":[{"@type":"WebPage","@id":"https:\/\/cubeia.com\/br\/solutions\/crypto-casino-software\/","url":"https:\/\/cubeia.com\/br\/solutions\/crypto-casino-software\/","name":"Software de Cassino Cripto - Cubeia","isPartOf":{"@id":"https:\/\/cubeia.com\/br\/#website"},"datePublished":"2025-05-20T10:20:41+00:00","dateModified":"2025-09-11T21:21:23+00:00","breadcrumb":{"@id":"https:\/\/cubeia.com\/br\/solutions\/crypto-casino-software\/#breadcrumb"},"inLanguage":"pt-BR","potentialAction":[{"@type":"ReadAction","target":["https:\/\/cubeia.com\/br\/solutions\/crypto-casino-software\/"]}]},{"@type":"BreadcrumbList","@id":"https:\/\/cubeia.com\/br\/solutions\/crypto-casino-software\/#breadcrumb","itemListElement":[{"@type":"ListItem","position":1,"name":"Home","item":"https:\/\/cubeia.com\/br\/"},{"@type":"ListItem","position":2,"name":"Solu\u00e7\u00f5es","item":"https:\/\/cubeia.com\/br\/solucoes\/"},{"@type":"ListItem","position":3,"name":"Software de Cassino Cripto"}]},{"@type":"WebSite","@id":"https:\/\/cubeia.com\/br\/#website","url":"https:\/\/cubeia.com\/br\/","name":"Cubeia","description":"","publisher":{"@id":"https:\/\/cubeia.com\/br\/#organization"},"potentialAction":[{"@type":"SearchAction","target":{"@type":"EntryPoint","urlTemplate":"https:\/\/cubeia.com\/br\/?s={search_term_string}"},"query-input":{"@type":"PropertyValueSpecification","valueRequired":true,"valueName":"search_term_string"}}],"inLanguage":"pt-BR"},{"@type":["Organization","Place"],"@id":"https:\/\/cubeia.com\/br\/#organization","name":"Cubeia","url":"https:\/\/cubeia.com\/br\/","logo":{"@id":"https:\/\/cubeia.com\/br\/solutions\/crypto-casino-software\/#local-main-organization-logo"},"image":{"@id":"https:\/\/cubeia.com\/br\/solutions\/crypto-casino-software\/#local-main-organization-logo"},"telephone":[],"openingHoursSpecification":[{"@type":"OpeningHoursSpecification","dayOfWeek":["Monday","Tuesday","Wednesday","Thursday","Friday","Saturday","Sunday"],"opens":"09:00","closes":"17:00"}]},{"@type":"ImageObject","inLanguage":"pt-BR","@id":"https:\/\/cubeia.com\/br\/solutions\/crypto-casino-software\/#local-main-organization-logo","url":"https:\/\/cubeia.com\/app\/uploads\/2024\/11\/Logo.svg","contentUrl":"https:\/\/cubeia.com\/app\/uploads\/2024\/11\/Logo.svg","width":285,"height":102,"caption":"Cubeia"}]}},"_links":{"self":[{"href":"https:\/\/cubeia.com\/br\/wp-json\/wp\/v2\/pages\/9591","targetHints":{"allow":["GET"]}}],"collection":[{"href":"https:\/\/cubeia.com\/br\/wp-json\/wp\/v2\/pages"}],"about":[{"href":"https:\/\/cubeia.com\/br\/wp-json\/wp\/v2\/types\/page"}],"author":[{"embeddable":true,"href":"https:\/\/cubeia.com\/br\/wp-json\/wp\/v2\/users\/8"}],"replies":[{"embeddable":true,"href":"https:\/\/cubeia.com\/br\/wp-json\/wp\/v2\/comments?post=9591"}],"version-history":[{"count":2,"href":"https:\/\/cubeia.com\/br\/wp-json\/wp\/v2\/pages\/9591\/revisions"}],"predecessor-version":[{"id":9593,"href":"https:\/\/cubeia.com\/br\/wp-json\/wp\/v2\/pages\/9591\/revisions\/9593"}],"up":[{"embeddable":true,"href":"https:\/\/cubeia.com\/br\/wp-json\/wp\/v2\/pages\/9486"}],"wp:attachment":[{"href":"https:\/\/cubeia.com\/br\/wp-json\/wp\/v2\/media?parent=9591"}],"curies":[{"name":"wp","href":"https:\/\/api.w.org\/{rel}","templated":true}]}}